{"id":2952,"date":"2017-03-07T08:34:20","date_gmt":"2017-03-07T08:34:20","guid":{"rendered":"http:\/\/law-firm.bold-themes.com\/main-demo\/?page_id=8"},"modified":"2025-06-16T13:39:10","modified_gmt":"2025-06-16T11:39:10","slug":"about-us","status":"publish","type":"page","link":"https:\/\/key2edu.net\/fr\/about-us\/","title":{"rendered":"About us"},"content":{"rendered":"<p><section id=\"bt_bb_section69e1ef6f3e04c\"  class=\"bt_bb_section bt_bb_layout_wide bt_bb_vertical_align_middle bt_bb_top_spacing_ bt_bb_bottom_spacing_\" style=\"z-index: 1;;background-color:rgb(255,255,255);\"    data-bt-override-class=\"{&quot;bt_bb_top_spacing_&quot;:{&quot;current_class&quot;:&quot;bt_bb_top_spacing_&quot;,&quot;def&quot;:&quot;&quot;,&quot;xl&quot;:&quot;&quot;},&quot;bt_bb_bottom_spacing_&quot;:{&quot;current_class&quot;:&quot;bt_bb_bottom_spacing_&quot;,&quot;def&quot;:&quot;&quot;,&quot;xl&quot;:&quot;&quot;}}\"><div class=\"bt_bb_port\"><div class=\"bt_bb_cell\"><div class=\"bt_bb_cell_inner\"><div class=\"bt_bb_row \" style=\"background-color:rgb(255,255,255);\" data-bt-override-class=\"{}\"><div class=\"bt_bb_row_holder\" ><div  class=\"bt_bb_column col-xxl-6 col-xl-6 col-xs-12 col-sm-6 col-md-6 col-lg-6 bt_bb_vertical_align_top bt_bb_align_right btLazyLoadBackground bt_bb_column_background_image bt_bb_padding_double bt_bb_animation_fade_in move_right animate\" style=\"background: linear-gradient(135deg,#a6e72a 20%,#53ba00 80%);background-color:rgb(255,255,255);background-image:url(&#039;https:\/\/key2edu.net\/wp-content\/plugins\/bold-page-builder\/img\/blank.gif&#039;);; --column-width:6;\" data-background_image_src='https:\/\/key2edu.net\/wp-content\/uploads\/2022\/05\/99999.png' data-width=\"6\" data-bt-override-class=\"{&quot;bt_bb_align_&quot;:{&quot;current_class&quot;:&quot;bt_bb_align_right&quot;,&quot;def&quot;:&quot;right&quot;,&quot;xl&quot;:&quot;right&quot;},&quot;bt_bb_padding_&quot;:{&quot;current_class&quot;:&quot;bt_bb_padding_double&quot;,&quot;def&quot;:&quot;double&quot;,&quot;xl&quot;:&quot;double&quot;}}\"><div class=\"bt_bb_column_content bt_bb_column_content_background_image\" style=\"background-color:rgb(255,255,255);\"><div class=\"bt_bb_column_content_inner\"><div class=\"bt_bb_separator bt_bb_border_style_none bt_bb_bottom_spacing_medium bt_bb_hidden_md bt_bb_hidden_lg\" data-bt-override-class=\"null\"><\/div><div class=\"bt_bb_separator bt_bb_border_style_none bt_bb_bottom_spacing_normal\" data-bt-override-class=\"{&quot;bt_bb_bottom_spacing_&quot;:{&quot;current_class&quot;:&quot;bt_bb_bottom_spacing_normal&quot;,&quot;def&quot;:&quot;normal&quot;}}\"><\/div><header class=\"bt_bb_headline bt_bb_font_weight_bold bt_bb_superheadline_font_weight_bold bt_bb_color_scheme_2 bt_bb_dash_none bt_bb_size_large bt_bb_align_left\" style=\"; --primary-color:#181818; --secondary-color:#ffffff;\" data-bt-override-class=\"{&quot;bt_bb_size_&quot;:{&quot;current_class&quot;:&quot;bt_bb_size_large&quot;,&quot;def&quot;:&quot;large&quot;},&quot;bt_bb_align_&quot;:{&quot;current_class&quot;:&quot;bt_bb_align_left&quot;,&quot;def&quot;:&quot;left&quot;}}\"><h1 class=\"bt_bb_headline_tag\"><span class=\"bt_bb_headline_content\"><span>Qui sommes nous?<\/span><\/span><\/h1><\/header><div class=\"bt_bb_separator bt_bb_border_style_dotted bt_bb_top_spacing_normal bt_bb_bottom_spacing_small\" data-bt-override-class=\"{&quot;bt_bb_top_spacing_&quot;:{&quot;current_class&quot;:&quot;bt_bb_top_spacing_normal&quot;,&quot;def&quot;:&quot;normal&quot;,&quot;xl&quot;:&quot;normal&quot;},&quot;bt_bb_bottom_spacing_&quot;:{&quot;current_class&quot;:&quot;bt_bb_bottom_spacing_small&quot;,&quot;def&quot;:&quot;small&quot;,&quot;xl&quot;:&quot;small&quot;}}\"><\/div><div  class=\"bt_bb_text\" ><\/p>\n<p style=\"text-align: left\">Notre entreprise a \u00e9t\u00e9 cr\u00e9\u00e9e en 2015. Nous sommes une entreprise de logiciels et de conseil qui fournit des solutions innovantes. La plupart de notre travail est r\u00e9alis\u00e9 dans le cadre de grands projets et de solutions avanc\u00e9es en Arabie Saoudite, en \u00c9gypte, \u00e0 Oman et aux \u00c9tats-Unis, avec une base diversifi\u00e9e de produits et de clients.<\/p>\n<p style=\"text-align: left\">Notre objectif est de fournir de la valeur \u00e0 nos clients en offrant des conseils qui r\u00e9solvent leurs probl\u00e8mes d\u2019affaires et en fournissant des solutions innovantes en technologies de l\u2019information qui s\u2019appuient sur les derni\u00e8res technologies pour les aider \u00e0 atteindre l\u2019excellence op\u00e9rationnelle.<\/p>\n<p style=\"text-align: left\">Chez Key2Soft, notre mission est de fournir une solution innovante qui lib\u00e8re la puissance de la technologie de l\u2019information avec une excellente qualit\u00e9, en mettant l\u2019accent sur la satisfaction des besoins de nos clients tout en offrant un d\u00e9lai de mise sur le march\u00e9 optimal.<\/p>\n<p style=\"text-align: left\">Notre compr\u00e9hension approfondie des affaires de nos clients et notre engagement envers l\u2019innovation et la qualit\u00e9 sont nos strat\u00e9gies et l\u2019objectif principal pour atteindre notre mission.<\/p>\n<p>\n<\/div><\/div><\/div><\/div><div  class=\"bt_bb_column col-xxl-6 col-xl-6 col-xs-12 col-sm-6 col-md-6 col-lg-6 bt_bb_vertical_align_top bt_bb_align_right bt_bb_padding_normal bt_bb_animation_fade_in move_left animate\" style=\"padding-left: 0; padding-right: 0;background-color:rgb(255,255,255);; --column-width:6;\" data-width=\"6\" data-bt-override-class=\"{&quot;bt_bb_align_&quot;:{&quot;current_class&quot;:&quot;bt_bb_align_right&quot;,&quot;def&quot;:&quot;right&quot;,&quot;xl&quot;:&quot;right&quot;},&quot;bt_bb_padding_&quot;:{&quot;current_class&quot;:&quot;bt_bb_padding_normal&quot;,&quot;def&quot;:&quot;normal&quot;,&quot;xl&quot;:&quot;normal&quot;}}\"><div class=\"bt_bb_column_content\" style=\"background-color:rgb(255,255,255);\"><div class=\"bt_bb_column_content_inner\"><div data-bb-version=\"4.5.6\" class=\"bt_bb_image bt_bb_shape_square bt_bb_target_self bt_bb_align_center bt_bb_hover_style_simple bt_bb_content_display_always bt_bb_content_align_bottom\" data-bt-override-class=\"{&quot;bt_bb_align_&quot;:{&quot;current_class&quot;:&quot;bt_bb_align_center&quot;,&quot;def&quot;:&quot;center&quot;}}\"><span><img loading=\"lazy\" decoding=\"async\" width=\"569\" height=\"506\" src=\"https:\/\/key2edu.net\/wp-content\/uploads\/2023\/05\/about-fr-1.png\" class=\"attachment-full size-full\" alt=\"https:\/\/key2edu.net\/wp-content\/uploads\/2023\/05\/about-fr-1.png\" data-full_image_src=\"https:\/\/key2edu.net\/wp-content\/uploads\/2023\/05\/about-fr-1.png\" title=\"about-fr\" srcset=\"https:\/\/key2edu.net\/wp-content\/uploads\/2023\/05\/about-fr-1.png 569w, https:\/\/key2edu.net\/wp-content\/uploads\/2023\/05\/about-fr-1-320x285.png 320w\" sizes=\"auto, (max-width: 569px) 100vw, 569px\" \/><\/span><\/div><\/div><\/div><\/div><\/div><\/div><\/div><\/div><\/div><\/section><section id=\"bt_bb_section69e1ef6f3f021\"  class=\"bt_bb_section bt_bb_layout_wide bt_bb_vertical_align_top bt_bb_top_spacing_small bt_bb_bottom_spacing_\" style=\"z-index: 1;;background-color:rgb(255,255,255);\"    data-bt-override-class=\"{&quot;bt_bb_top_spacing_&quot;:{&quot;current_class&quot;:&quot;bt_bb_top_spacing_small&quot;,&quot;def&quot;:&quot;small&quot;,&quot;xl&quot;:&quot;small&quot;},&quot;bt_bb_bottom_spacing_&quot;:{&quot;current_class&quot;:&quot;bt_bb_bottom_spacing_&quot;,&quot;def&quot;:&quot;&quot;,&quot;xl&quot;:&quot;&quot;}}\"><div class=\"bt_bb_port\"><div class=\"bt_bb_cell\"><div class=\"bt_bb_cell_inner\"><div class=\"bt_bb_row \" style=\"background-color:rgb(255,255,255);\" data-bt-override-class=\"{}\"><div class=\"bt_bb_row_holder\" ><div  class=\"bt_bb_column col-xxl-12 col-xl-12 col-xs-12 col-sm-12 col-md-12 col-lg-12 bt_bb_vertical_align_top bt_bb_align_center bt_bb_padding_double bt_bb_animation_fade_in move_right animate\" style=\"background: linear-gradient(135deg,#a6e72a 20%,#53ba00 80%);background-color:rgb(255,255,255);; --column-width:12;\" data-width=\"12\" data-bt-override-class=\"{&quot;bt_bb_align_&quot;:{&quot;current_class&quot;:&quot;bt_bb_align_center&quot;,&quot;def&quot;:&quot;center&quot;,&quot;xl&quot;:&quot;center&quot;},&quot;bt_bb_padding_&quot;:{&quot;current_class&quot;:&quot;bt_bb_padding_double&quot;,&quot;def&quot;:&quot;double&quot;,&quot;xl&quot;:&quot;double&quot;}}\"><div class=\"bt_bb_column_content\" style=\"background-color:rgb(255,255,255);\"><div class=\"bt_bb_column_content_inner\"><div class=\"bt_bb_separator bt_bb_border_style_dotted bt_bb_top_spacing_normal bt_bb_bottom_spacing_normal\" data-bt-override-class=\"{&quot;bt_bb_top_spacing_&quot;:{&quot;current_class&quot;:&quot;bt_bb_top_spacing_normal&quot;,&quot;def&quot;:&quot;normal&quot;,&quot;xl&quot;:&quot;normal&quot;},&quot;bt_bb_bottom_spacing_&quot;:{&quot;current_class&quot;:&quot;bt_bb_bottom_spacing_normal&quot;,&quot;def&quot;:&quot;normal&quot;,&quot;xl&quot;:&quot;normal&quot;}}\"><\/div><\/div><\/div><\/div><\/div><\/div><\/div><\/div><\/div><\/section><section id=\"bt_bb_section69e1ef6f3f23b\"  class=\"bt_bb_section bt_bb_layout_wide bt_bb_vertical_align_top bt_bb_top_spacing_ bt_bb_bottom_spacing_small\"     data-bt-override-class=\"{&quot;bt_bb_top_spacing_&quot;:{&quot;current_class&quot;:&quot;bt_bb_top_spacing_&quot;,&quot;def&quot;:&quot;&quot;,&quot;xl&quot;:&quot;&quot;},&quot;bt_bb_bottom_spacing_&quot;:{&quot;current_class&quot;:&quot;bt_bb_bottom_spacing_small&quot;,&quot;def&quot;:&quot;small&quot;}}\"><div class=\"bt_bb_port\"><div class=\"bt_bb_cell\"><div class=\"bt_bb_cell_inner\"><div class=\"bt_bb_row \"  data-bt-override-class=\"{}\"><div class=\"bt_bb_row_holder\" ><div  class=\"bt_bb_column col-xxl-6 col-xl-6 col-xs-12 col-sm-6 col-md-6 col-lg-6 bt_bb_vertical_align_top bt_bb_align_left bt_bb_padding_normal bt_bb_animation_fade_in move_left animate\" style=\"; --column-width:6;\" data-width=\"6\" data-bt-override-class=\"{&quot;bt_bb_align_&quot;:{&quot;current_class&quot;:&quot;bt_bb_align_left&quot;,&quot;def&quot;:&quot;left&quot;,&quot;xl&quot;:&quot;left&quot;},&quot;bt_bb_padding_&quot;:{&quot;current_class&quot;:&quot;bt_bb_padding_normal&quot;,&quot;def&quot;:&quot;normal&quot;,&quot;xl&quot;:&quot;normal&quot;}}\"><div class=\"bt_bb_column_content\"><div class=\"bt_bb_column_content_inner\"><div class=\" bt_bb_row_inner bt_bb_column_inner_gap_50\"   data-bt-override-class=\"{}\"><div class=\"bt_bb_row_inner_holder\"  ><div  class=\"bt_bb_column_inner col-xxl-6 col-xl-6 col-xs-12 col-sm-6 col-md-6 col-lg-6 bt_bb_vertical_align_top bt_bb_align_center bt_bb_padding_normal\"  data-width=\"6\" data-bt-override-class=\"{}\"><div class=\"bt_bb_column_inner_content\"><div class=\"bt_bb_column_inner_content_inner\"><div class=\"bt_bb_icon bt_bb_color_scheme_5 bt_bb_style_borderless bt_bb_size_xlarge bt_bb_shape_square bt_bb_align_inherit\" style=\"; --icon-primary-color:#181818; --icon-secondary-color:#1e73be;\" data-bt-override-class=\"{&quot;bt_bb_size_&quot;:{&quot;current_class&quot;:&quot;bt_bb_size_xlarge&quot;,&quot;def&quot;:&quot;xlarge&quot;,&quot;xl&quot;:&quot;xlarge&quot;},&quot;bt_bb_align_&quot;:{&quot;current_class&quot;:&quot;bt_bb_align_inherit&quot;,&quot;def&quot;:&quot;inherit&quot;,&quot;xl&quot;:&quot;inherit&quot;}}\"><span  data-ico-design=\"&#xe922;\" class=\"bt_bb_icon_holder\"><\/span><\/div><header class=\"bt_bb_headline bt_bb_font_weight_bold bt_bb_dash_none bt_bb_subheadline bt_bb_size_extrasmall bt_bb_align_inherit\" data-bt-override-class=\"{&quot;bt_bb_size_&quot;:{&quot;current_class&quot;:&quot;bt_bb_size_extrasmall&quot;,&quot;def&quot;:&quot;extrasmall&quot;,&quot;xl&quot;:&quot;extrasmall&quot;},&quot;bt_bb_align_&quot;:{&quot;current_class&quot;:&quot;bt_bb_align_inherit&quot;,&quot;def&quot;:&quot;inherit&quot;,&quot;xl&quot;:&quot;inherit&quot;}}\"><h5 class=\"bt_bb_headline_tag\"><span class=\"bt_bb_headline_content\"><span>Notre mission<\/span><\/span><\/h5><div class=\"bt_bb_headline_subheadline\">Am\u00e9liorer le processus \u00e9ducatif avec les normes de qualit\u00e9 les plus \u00e9lev\u00e9es<\/div><\/header><\/div><\/div><\/div><div  class=\"bt_bb_column_inner col-xxl-6 col-xl-6 col-xs-12 col-sm-6 col-md-6 col-lg-6 bt_bb_vertical_align_top bt_bb_align_center bt_bb_padding_normal\"  data-width=\"6\" data-bt-override-class=\"{}\"><div class=\"bt_bb_column_inner_content\"><div class=\"bt_bb_column_inner_content_inner\"><div data-bb-version=\"4.5.5\" class=\"bt_bb_icon bt_bb_color_scheme_5 bt_bb_style_borderless bt_bb_size_xlarge bt_bb_shape_round bt_bb_align_inherit\" style=\"; --icon-primary-color:#181818; --icon-secondary-color:#1e73be;\" data-bt-override-class=\"{&quot;bt_bb_size_&quot;:{&quot;current_class&quot;:&quot;bt_bb_size_xlarge&quot;,&quot;def&quot;:&quot;xlarge&quot;},&quot;bt_bb_align_&quot;:{&quot;current_class&quot;:&quot;bt_bb_align_inherit&quot;,&quot;def&quot;:&quot;inherit&quot;}}\"><span  data-ico-fontawesome5regular=\"&#xf06e;\" class=\"bt_bb_icon_holder\"><\/span><\/div><header class=\"bt_bb_headline bt_bb_font_weight_bold bt_bb_dash_none bt_bb_subheadline bt_bb_size_extrasmall bt_bb_align_inherit\" data-bt-override-class=\"{}\"><h5 class=\"bt_bb_headline_tag\"><span class=\"bt_bb_headline_content\"><span>Notre Vision<\/span><\/span><\/h5><div class=\"bt_bb_headline_subheadline\">Les grandes id\u00e9es sont pr\u00e9cieuses seulement lorsqu'elles sont<\/div><\/header><\/div><\/div><\/div><\/div><\/div><div class=\" bt_bb_row_inner bt_bb_column_inner_gap_50\"   data-bt-override-class=\"{}\"><div class=\"bt_bb_row_inner_holder\"  ><div  class=\"bt_bb_column_inner col-xxl-6 col-xl-6 col-xs-12 col-sm-6 col-md-6 col-lg-6 bt_bb_vertical_align_top bt_bb_align_center bt_bb_padding_normal\"  data-width=\"6\" data-bt-override-class=\"{}\"><div class=\"bt_bb_column_inner_content\"><div class=\"bt_bb_column_inner_content_inner\"><div class=\"bt_bb_icon bt_bb_color_scheme_5 bt_bb_style_borderless bt_bb_size_xlarge bt_bb_shape_circle bt_bb_align_inherit\" style=\"; --icon-primary-color:#181818; --icon-secondary-color:#1e73be;\" data-bt-override-class=\"null\"><span  data-ico-humanresources=\"&#xe915;\" class=\"bt_bb_icon_holder\"><\/span><\/div><header class=\"bt_bb_headline bt_bb_font_weight_bold bt_bb_dash_none bt_bb_subheadline bt_bb_size_extrasmall bt_bb_align_inherit\" data-bt-override-class=\"{}\"><h5 class=\"bt_bb_headline_tag\"><span class=\"bt_bb_headline_content\"><span>Nos partenaires<\/span><\/span><\/h5><div class=\"bt_bb_headline_subheadline\">Notre objectif est de fournir le meilleur \u00e0 nos clients en travaillant en partenariat<\/div><\/header><\/div><\/div><\/div><div  class=\"bt_bb_column_inner col-xxl-6 col-xl-6 col-xs-12 col-sm-6 col-md-6 col-lg-6 bt_bb_vertical_align_top bt_bb_align_center bt_bb_padding_normal\"  data-width=\"6\" data-bt-override-class=\"{}\"><div class=\"bt_bb_column_inner_content\"><div class=\"bt_bb_column_inner_content_inner\"><div class=\"bt_bb_icon bt_bb_color_scheme_5 bt_bb_style_borderless bt_bb_size_xlarge bt_bb_shape_circle bt_bb_align_inherit\" style=\"; --icon-primary-color:#181818; --icon-secondary-color:#1e73be;\" data-bt-override-class=\"null\"><span  data-ico-teamwork=\"&#xe906;\" class=\"bt_bb_icon_holder\"><\/span><\/div><header class=\"bt_bb_headline bt_bb_font_weight_bold bt_bb_dash_none bt_bb_subheadline bt_bb_size_extrasmall bt_bb_align_inherit\" data-bt-override-class=\"{}\"><h5 class=\"bt_bb_headline_tag\"><span class=\"bt_bb_headline_content\"><span>Travail d'\u00e9quipe<\/span><\/span><\/h5><div class=\"bt_bb_headline_subheadline\">Notre objectif est de travailler dans un esprit d'\u00e9quipe et de lib\u00e9rer la cr\u00e9ativit\u00e9<\/div><\/header><\/div><\/div><\/div><\/div><\/div><\/div><\/div><\/div><div  class=\"bt_bb_column col-xxl-6 col-xl-6 col-xs-12 col-sm-6 col-md-6 col-lg-6 bt_bb_vertical_align_top bt_bb_align_left bt_bb_padding_normal bt_bb_animation_fade_in move_left animate\" style=\"; --column-width:6;\" data-width=\"6\" data-bt-override-class=\"{&quot;bt_bb_align_&quot;:{&quot;current_class&quot;:&quot;bt_bb_align_left&quot;,&quot;def&quot;:&quot;left&quot;,&quot;xl&quot;:&quot;left&quot;},&quot;bt_bb_padding_&quot;:{&quot;current_class&quot;:&quot;bt_bb_padding_normal&quot;,&quot;def&quot;:&quot;normal&quot;,&quot;xl&quot;:&quot;normal&quot;}}\"><div class=\"bt_bb_column_content\"><div class=\"bt_bb_column_content_inner\"><div class=\" bt_bb_row_inner bt_bb_column_inner_gap_50\"   data-bt-override-class=\"{}\"><div class=\"bt_bb_row_inner_holder\"  ><div  class=\"bt_bb_column_inner col-xxl-6 col-xl-6 col-xs-12 col-sm-6 col-md-6 col-lg-6 bt_bb_vertical_align_top bt_bb_align_center bt_bb_padding_normal\"  data-width=\"6\" data-bt-override-class=\"{}\"><div class=\"bt_bb_column_inner_content\"><div class=\"bt_bb_column_inner_content_inner\"><div class=\"bt_bb_icon bt_bb_color_scheme_5 bt_bb_style_borderless bt_bb_size_xlarge bt_bb_shape_circle bt_bb_align_inherit\" style=\"; --icon-primary-color:#181818; --icon-secondary-color:#1e73be;\" data-bt-override-class=\"{&quot;bt_bb_size_&quot;:{&quot;current_class&quot;:&quot;bt_bb_size_xlarge&quot;,&quot;def&quot;:&quot;xlarge&quot;,&quot;xl&quot;:&quot;xlarge&quot;},&quot;bt_bb_align_&quot;:{&quot;current_class&quot;:&quot;bt_bb_align_inherit&quot;,&quot;def&quot;:&quot;inherit&quot;,&quot;xl&quot;:&quot;inherit&quot;}}\"><span  data-ico-btfitnesssport=\"&#xe971;\" class=\"bt_bb_icon_holder\"><\/span><\/div><header class=\"bt_bb_headline bt_bb_font_weight_bold bt_bb_dash_none bt_bb_subheadline bt_bb_size_extrasmall bt_bb_align_inherit\" data-bt-override-class=\"{}\"><h5 class=\"bt_bb_headline_tag\"><span class=\"bt_bb_headline_content\"><span>Nos objectifs<\/span><\/span><\/h5><div class=\"bt_bb_headline_subheadline\">Maximiser l'utilisation de la technologie pour servir le processus \u00e9ducatif<\/div><\/header><\/div><\/div><\/div><div  class=\"bt_bb_column_inner col-xxl-6 col-xl-6 col-xs-12 col-sm-6 col-md-6 col-lg-6 bt_bb_vertical_align_top bt_bb_align_center bt_bb_padding_normal\"  data-width=\"6\" data-bt-override-class=\"{}\"><div class=\"bt_bb_column_inner_content\"><div class=\"bt_bb_column_inner_content_inner\"><div class=\"bt_bb_icon bt_bb_color_scheme_5 bt_bb_style_borderless bt_bb_size_xlarge bt_bb_shape_circle bt_bb_align_inherit\" style=\"; --icon-primary-color:#181818; --icon-secondary-color:#1e73be;\" data-bt-override-class=\"null\"><span  data-ico-humanresources=\"&#xe93f;\" class=\"bt_bb_icon_holder\"><\/span><\/div><header class=\"bt_bb_headline bt_bb_font_weight_bold bt_bb_dash_none bt_bb_subheadline bt_bb_size_extrasmall bt_bb_align_inherit\" data-bt-override-class=\"{}\"><h5 class=\"bt_bb_headline_tag\"><span class=\"bt_bb_headline_content\"><span>Solutions innovantes<\/span><\/span><\/h5><div class=\"bt_bb_headline_subheadline\">Fournir des solutions innovantes en utilisant les derni\u00e8res technologies<\/div><\/header><\/div><\/div><\/div><\/div><\/div><div class=\" bt_bb_row_inner bt_bb_column_inner_gap_50\"   data-bt-override-class=\"{}\"><div class=\"bt_bb_row_inner_holder\"  ><div  class=\"bt_bb_column_inner col-xxl-6 col-xl-6 col-xs-12 col-sm-6 col-md-6 col-lg-6 bt_bb_vertical_align_top bt_bb_align_center bt_bb_padding_normal\"  data-width=\"6\" data-bt-override-class=\"{}\"><div class=\"bt_bb_column_inner_content\"><div class=\"bt_bb_column_inner_content_inner\"><div class=\"bt_bb_icon bt_bb_color_scheme_5 bt_bb_style_borderless bt_bb_size_xlarge bt_bb_shape_circle bt_bb_align_inherit\" style=\"; --icon-primary-color:#181818; --icon-secondary-color:#1e73be;\" data-bt-override-class=\"null\"><span  data-ico-development=\"&#xf13c;\" class=\"bt_bb_icon_holder\"><\/span><\/div><header class=\"bt_bb_headline bt_bb_font_weight_bold bt_bb_dash_none bt_bb_subheadline bt_bb_size_extrasmall bt_bb_align_inherit\" data-bt-override-class=\"{}\"><h5 class=\"bt_bb_headline_tag\"><span class=\"bt_bb_headline_content\"><span>Qualit\u00e9<\/span><\/span><\/h5><div class=\"bt_bb_headline_subheadline\">Appliquer les normes \u00e9ducatives pour am\u00e9liorer l'ensemble du processus \u00e9ducatif<\/div><\/header><\/div><\/div><\/div><div  class=\"bt_bb_column_inner col-xxl-6 col-xl-6 col-xs-12 col-sm-6 col-md-6 col-lg-6 bt_bb_vertical_align_top bt_bb_align_center bt_bb_padding_normal\"  data-width=\"6\" data-bt-override-class=\"{}\"><div class=\"bt_bb_column_inner_content\"><div class=\"bt_bb_column_inner_content_inner\"><div class=\"bt_bb_icon bt_bb_color_scheme_5 bt_bb_style_borderless bt_bb_size_xlarge bt_bb_shape_circle bt_bb_align_inherit\" style=\"; --icon-primary-color:#181818; --icon-secondary-color:#1e73be;\" data-bt-override-class=\"null\"><span  data-ico-humanresources=\"&#xe913;\" class=\"bt_bb_icon_holder\"><\/span><\/div><header class=\"bt_bb_headline bt_bb_font_weight_bold bt_bb_dash_none bt_bb_subheadline bt_bb_size_extrasmall bt_bb_align_inherit\" data-bt-override-class=\"{}\"><h5 class=\"bt_bb_headline_tag\"><span class=\"bt_bb_headline_content\"><span>Communication<\/span><\/span><\/h5><div class=\"bt_bb_headline_subheadline\">Rassurez-vous, nous sommes disponibles et accessibles \u00e0 tout moment, \u00e0 travers de multiples canaux de communication<\/div><\/header><\/div><\/div><\/div><\/div><\/div><\/div><\/div><\/div><\/div><\/div><\/div><\/div><\/div><\/section><\/p>\n","protected":false},"excerpt":{"rendered":"","protected":false},"author":2,"featured_media":0,"parent":0,"menu_order":0,"comment_status":"closed","ping_status":"closed","template":"","meta":{"footnotes":""},"class_list":["post-2952","page","type-page","status-publish","hentry"],"_links":{"self":[{"href":"https:\/\/key2edu.net\/fr\/wp-json\/wp\/v2\/pages\/2952","targetHints":{"allow":["GET"]}}],"collection":[{"href":"https:\/\/key2edu.net\/fr\/wp-json\/wp\/v2\/pages"}],"about":[{"href":"https:\/\/key2edu.net\/fr\/wp-json\/wp\/v2\/types\/page"}],"author":[{"embeddable":true,"href":"https:\/\/key2edu.net\/fr\/wp-json\/wp\/v2\/users\/2"}],"replies":[{"embeddable":true,"href":"https:\/\/key2edu.net\/fr\/wp-json\/wp\/v2\/comments?post=2952"}],"version-history":[{"count":128,"href":"https:\/\/key2edu.net\/fr\/wp-json\/wp\/v2\/pages\/2952\/revisions"}],"predecessor-version":[{"id":7045,"href":"https:\/\/key2edu.net\/fr\/wp-json\/wp\/v2\/pages\/2952\/revisions\/7045"}],"wp:attachment":[{"href":"https:\/\/key2edu.net\/fr\/wp-json\/wp\/v2\/media?parent=2952"}],"curies":[{"name":"wp","href":"https:\/\/api.w.org\/{rel}","templated":true}]}}